{"id":6276,"date":"2021-06-30T18:21:26","date_gmt":"2021-06-30T16:21:26","guid":{"rendered":"http:\/\/www.sukain.be\/secondaire\/?page_id=6276"},"modified":"2026-02-10T14:14:57","modified_gmt":"2026-02-10T12:14:57","slug":"3eme-et-4eme-general-option-sciences","status":"publish","type":"page","link":"https:\/\/www.sukain.be\/secondaire\/3eme-et-4eme-general-option-sciences\/","title":{"rendered":"G\u00e9n\u00e9ral Option Sciences &#8211; 3e et 4e"},"content":{"rendered":"\t\t<div data-elementor-type=\"wp-page\" data-elementor-id=\"6276\" class=\"elementor elementor-6276\">\n\t\t\t\t\t\t\t\t\t<section class=\"elementor-section elementor-top-section elementor-element elementor-element-37a5f15f elementor-section-boxed elementor-section-height-default elementor-section-height-default\" data-id=\"37a5f15f\" data-element_type=\"section\">\n\t\t\t\t\t\t<div class=\"elementor-container elementor-column-gap-default\">\n\t\t\t\t\t<div class=\"elementor-column elementor-col-100 elementor-top-column elementor-element elementor-element-7673eb0b\" data-id=\"7673eb0b\" data-element_type=\"column\">\n\t\t\t<div class=\"elementor-widget-wrap elementor-element-populated\">\n\t\t\t\t\t\t\t\t<div class=\"elementor-element elementor-element-514dd50b elementor-widget elementor-widget-text-editor\" data-id=\"514dd50b\" data-element_type=\"widget\" data-widget_type=\"text-editor.default\">\n\t\t\t\t<div class=\"elementor-widget-container\">\n\t\t\t\t\t\t\t<!-- wp:verse -->\n<pre class=\"wp-block-verse\">Sans la curiosit\u00e9 de l'esprit, que serions-nous ? Telle est bien la beaut\u00e9 et la noblesse de la&nbsp;science&nbsp;: d\u00e9sir sans fin de repousser les fronti\u00e8res du savoir, de traquer les secrets de la mati\u00e8re et de la vie [\u2026].&nbsp; (Marie Curie)<\/pre>\n<!-- \/wp:verse -->\n\n<!-- wp:heading -->\n<h2>Pourquoi les sciences&nbsp;?<\/h2>\n<!-- \/wp:heading -->\n\n<!-- wp:paragraph -->\n<p>Le secteur des disciplines scientifiques en constante \u00e9volution ouvre des champs d&rsquo;application dont l&rsquo;impact est sans pr\u00e9c\u00e9dent dans notre vie et sur nos soci\u00e9t\u00e9s.<\/p>\n<!-- \/wp:paragraph -->\n\n<!-- wp:paragraph -->\n<p>La biologie aborde le monde du vivant tout en am\u00e9liorant la compr\u00e9hension de ses processus, en approfondissant sa r\u00e9flexion sur l&rsquo;Homme au sein de son milieu de vie. Un exemple bien concret est celui des OGM.<\/p>\n<!-- \/wp:paragraph -->\n\n<!-- wp:paragraph -->\n<p>La chimie propose d&rsquo;int\u00e9grer et de caract\u00e9riser les transformations chimiques. Les concepts et th\u00e9ories d\u00e9velopp\u00e9s sont toujours en relation avec l&rsquo;industrie, la pharmacie, l\u2019ing\u00e9nierie des mat\u00e9riaux, l&rsquo;agriculture,&#8230; . Un exemple bien concret est celui des bio-plastiques.<\/p>\n<!-- \/wp:paragraph -->\n\n<!-- wp:paragraph -->\n<p>La physique a soif de comprendre et de savoir. De l&rsquo;observation de ce qui nous entoure au d\u00e9chiffrage de l&rsquo;Univers, cette discipline r\u00e9pond \u00e0 un appel des \u00e9toiles. S&rsquo;appuyant sur les math\u00e9matiques, la physique est per\u00e7ue comme une aventure d&rsquo;intelligence parce qu&rsquo;elle est &nbsp;li\u00e9e \u00e0 l&rsquo;esprit de d\u00e9couverte humaine. L&rsquo;exemple par excellence est celui du d\u00e9veloppement des technologies de la communication.<\/p>\n<!-- \/wp:paragraph -->\n\n<!-- wp:image {\"align\":\"center\",\"id\":6248,\"width\":450,\"height\":319,\"sizeSlug\":\"large\",\"linkDestination\":\"media\"} -->\n<div class=\"wp-block-image\"><figure class=\"aligncenter size-large is-resized\"><a href=\"https:\/\/www.sukain.be\/secondaire\/wp-content\/uploads\/2021\/06\/Sciences-1.jpg\"><img loading=\"lazy\" decoding=\"async\" src=\"https:\/\/www.sukain.be\/secondaire\/wp-content\/uploads\/2021\/06\/Sciences-1.jpg\" alt=\"\" class=\"wp-image-6248\" width=\"450\" height=\"319\" srcset=\"https:\/\/www.sukain.be\/secondaire\/wp-content\/uploads\/2021\/06\/Sciences-1.jpg 753w, https:\/\/www.sukain.be\/secondaire\/wp-content\/uploads\/2021\/06\/Sciences-1-300x212.jpg 300w\" sizes=\"(max-width: 450px) 100vw, 450px\" \/><\/a><\/figure><\/div>\n<!-- \/wp:image -->\n\n<!-- wp:heading -->\n<h2>L\u2019option Sciences, concr\u00e8tement<\/h2>\n<!-- \/wp:heading -->\n\n<!-- wp:media-text {\"mediaId\":6249,\"mediaLink\":\"https:\/\/www.sukain.be\/secondaire\/sciences-2\/\",\"mediaType\":\"image\",\"mediaWidth\":18} -->\n<div class=\"wp-block-media-text alignwide is-stacked-on-mobile\" style=\"grid-template-columns:18% auto\"><figure class=\"wp-block-media-text__media\"><img loading=\"lazy\" decoding=\"async\" width=\"383\" height=\"561\" src=\"https:\/\/www.sukain.be\/secondaire\/wp-content\/uploads\/2021\/06\/Sciences-2.jpg\" alt=\"\" class=\"wp-image-6249 size-full\" srcset=\"https:\/\/www.sukain.be\/secondaire\/wp-content\/uploads\/2021\/06\/Sciences-2.jpg 383w, https:\/\/www.sukain.be\/secondaire\/wp-content\/uploads\/2021\/06\/Sciences-2-205x300.jpg 205w\" sizes=\"(max-width: 383px) 100vw, 383px\" \/><\/figure><div class=\"wp-block-media-text__content\"><!-- wp:paragraph {\"placeholder\":\"Contenu\u2026\"} -->\n<p>D\u00e8s la troisi\u00e8me ann\u00e9e, tu apprendras \u00e0 faire des manipulations en laboratoire. Le cours est construit et illustr\u00e9 sur base des observations faites lors de ces exp\u00e9riences. <br>Les cours th\u00e9oriques sont alors bien plus parlants et concrets. Ils viennent r\u00e9pondre aux questions apparues lors des s\u00e9ances de laboratoire.<\/p>\n<!-- \/wp:paragraph --><\/div><\/div>\n<!-- \/wp:media-text -->\n\n<!-- wp:heading -->\n<h2>Les projets de l\u2019option<\/h2>\n<!-- \/wp:heading -->\n\n<!-- wp:paragraph -->\n<p>Outre les manipulations hebdomadaires, des projets sont men\u00e9s en partenariat avec les universit\u00e9s et \u00e9coles sup\u00e9rieures. Tu as alors la possibilit\u00e9 d&rsquo;utiliser un mat\u00e9riel de pointe tout en vivant des moments tr\u00e8s motivants.<\/p>\n<!-- \/wp:paragraph -->\n\n<!-- wp:media-text {\"mediaPosition\":\"right\",\"mediaId\":6250,\"mediaLink\":\"https:\/\/www.sukain.be\/secondaire\/sciences-3\/\",\"mediaType\":\"image\",\"mediaWidth\":35} -->\n<div class=\"wp-block-media-text alignwide has-media-on-the-right is-stacked-on-mobile\" style=\"grid-template-columns:auto 35%\"><figure class=\"wp-block-media-text__media\"><img loading=\"lazy\" decoding=\"async\" width=\"739\" height=\"493\" src=\"https:\/\/www.sukain.be\/secondaire\/wp-content\/uploads\/2021\/06\/Sciences-3.jpg\" alt=\"\" class=\"wp-image-6250 size-full\" srcset=\"https:\/\/www.sukain.be\/secondaire\/wp-content\/uploads\/2021\/06\/Sciences-3.jpg 739w, https:\/\/www.sukain.be\/secondaire\/wp-content\/uploads\/2021\/06\/Sciences-3-300x200.jpg 300w\" sizes=\"(max-width: 739px) 100vw, 739px\" \/><\/figure><div class=\"wp-block-media-text__content\"><!-- wp:list -->\n<ul id=\"block-1e94d5e6-4ad0-48fb-8f84-0770a5c77b54\"><li>En 4<sup>e<\/sup> tu te pencheras sur la <strong>microscopie \u00e0 l&rsquo;ULB.<\/strong><\/li><li>En 5<sup>e<\/sup> et 6<sup>e<\/sup>, tu participeras au festival <strong><em>Imag\u00e9sant\u00e9, <\/em><\/strong>au Printemps des Sciences : un projet interdisciplinaire qui permet d\u2019aborder tr\u00e8s concr\u00e8tement la biologie, la chimie, la physique, et m\u00eame la m\u00e9decine,  puisqu&rsquo;on peut y suivre des op\u00e9rations chirurgicales en direct !<\/li><\/ul>\n<!-- \/wp:list -->\n\n<!-- wp:paragraph -->\n<p><\/p>\n<!-- \/wp:paragraph --><\/div><\/div>\n<!-- \/wp:media-text -->\n\n<!-- wp:heading -->\n<h2>Faire des sciences, oui, mais avec quoi&nbsp;?<\/h2>\n<!-- \/wp:heading -->\n\n<!-- wp:paragraph -->\n<p>D\u00e8s la 3\u00e8me secondaire, l\u2019option sciences se combine avec d\u2019autres disciplines&#8230;<\/p>\n<!-- \/wp:paragraph -->\n\n<!-- wp:paragraph -->\n<p>En sciences, d\u00e8s que tu aborderas tes \u00e9tudes sup\u00e9rieures, la plus grande partie de la documentation est r\u00e9dig\u00e9e en anglais. Donc &#8230; <strong>avec des langues !<\/strong><br>En sciences, les math\u00e9matiques sont un outil indispensable d\u00e8s que l&rsquo;on mod\u00e9lise un ph\u00e9nom\u00e8ne physique, chimique ou biologique. Donc &#8230; <strong>avec des maths&nbsp;!<\/strong><br>En sciences, l&rsquo;aspect humain peut \u00eatre un atout, surtout si tu te destines \u00e0 un m\u00e9tier visant la sant\u00e9 humaine. Donc &#8230;.<strong>avec des sciences sociales&nbsp;!<\/strong><br>Enfin, les technologies nouvelles sont au c\u0153ur de notre soci\u00e9t\u00e9. Quoi de plus normal donc que d\u2019associer les sciences\u2005 au cours <strong>d\u2019\u00e9ducation technique et technologique<\/strong> <strong>!<\/strong><\/p>\n<!-- \/wp:paragraph -->\n\n<!-- wp:heading -->\n<h2>Les d\u00e9bouch\u00e9s de ta formation<\/h2>\n<!-- \/wp:heading -->\n\n<!-- wp:paragraph -->\n<p>En fonction de tes r\u00eaves et ambitions&nbsp;:<\/p>\n<!-- \/wp:paragraph -->\n\n<!-- wp:list -->\n<ul><li>prot\u00e9ger notre sant\u00e9&nbsp;: pharmacien, assistant en pharmacie, laborantin, radiologue, opticien, infirmier, di\u00e9t\u00e9ticien, kin\u00e9, &#8230;<\/li><li>prot\u00e9ger notre plan\u00e8te&nbsp;: bioing\u00e9nieur, technicien en environnement, agronome, &#8230;<\/li><li>d\u00e9couvrir et prot\u00e9ger le vivant : biologiste, \u00e9cologiste, v\u00e9t\u00e9rinaire, assistant v\u00e9t\u00e9rinaire, &#8230;<\/li><li>repousser les limites&nbsp;: ing\u00e9nieur industriel, technicien automobile, &#8230;<\/li><li>utiliser les mol\u00e9cules&nbsp;: ing\u00e9nieur chimiste, laborantin, chimiste en industrie, &#8230;<\/li><\/ul>\n<!-- \/wp:list -->\n\n<!-- wp:heading -->\n<h2>&nbsp;La grille de l\u2019option au 2\u00e8me degr\u00e9<\/h2>\n<!-- \/wp:heading -->\n\n<!-- wp:table {\"hasFixedLayout\":true,\"className\":\"is-style-stripes\"} -->\n<figure class=\"wp-block-table is-style-stripes\"><table class=\"has-fixed-layout\"><thead><tr><th>Branches<\/th><th class=\"has-text-align-center\" data-align=\"center\">Sciences &#8211; Langues<\/th><th class=\"has-text-align-center\" data-align=\"center\">Sciences sociales &#8211; Sciences<\/th><th class=\"has-text-align-center\" data-align=\"center\">Sciences et techniques<\/th><\/tr><\/thead><tbody><tr><td>Education physique<\/td><td class=\"has-text-align-center\" data-align=\"center\">2<\/td><td class=\"has-text-align-center\" data-align=\"center\">2<\/td><td class=\"has-text-align-center\" data-align=\"center\">2<\/td><\/tr><tr><td>G\u00e9ographie<\/td><td class=\"has-text-align-center\" data-align=\"center\">2<\/td><td class=\"has-text-align-center\" data-align=\"center\">2<\/td><td class=\"has-text-align-center\" data-align=\"center\">2<\/td><\/tr><tr><td>Histoire<\/td><td class=\"has-text-align-center\" data-align=\"center\">2<\/td><td class=\"has-text-align-center\" data-align=\"center\">2<\/td><td class=\"has-text-align-center\" data-align=\"center\">2<\/td><\/tr><tr><td>Fran\u00e7ais<\/td><td class=\"has-text-align-center\" data-align=\"center\">5<\/td><td class=\"has-text-align-center\" data-align=\"center\">5<\/td><td class=\"has-text-align-center\" data-align=\"center\">5<\/td><\/tr><tr><td>Religion<\/td><td class=\"has-text-align-center\" data-align=\"center\">2<\/td><td class=\"has-text-align-center\" data-align=\"center\">2<\/td><td class=\"has-text-align-center\" data-align=\"center\">2<\/td><\/tr><tr><td>Math\u00e9matiques<\/td><td class=\"has-text-align-center\" data-align=\"center\">5<\/td><td class=\"has-text-align-center\" data-align=\"center\">5<\/td><td class=\"has-text-align-center\" data-align=\"center\">5<\/td><\/tr><tr><td>Sciences<\/td><td class=\"has-text-align-center\" data-align=\"center\">5<\/td><td class=\"has-text-align-center\" data-align=\"center\">5<\/td><td class=\"has-text-align-center\" data-align=\"center\">5<\/td><\/tr><tr><td>Langue 1 (n\u00e9erlandais \/ anglais)<\/td><td class=\"has-text-align-center\" data-align=\"center\">4<\/td><td class=\"has-text-align-center\" data-align=\"center\">4<\/td><td class=\"has-text-align-center\" data-align=\"center\">4<\/td><\/tr><tr><td>Langue 2 (anglais \/ n\u00e9erlandais)<\/td><td class=\"has-text-align-center\" data-align=\"center\">4<\/td><td class=\"has-text-align-center\" data-align=\"center\">0<\/td><td class=\"has-text-align-center\" data-align=\"center\">0<\/td><\/tr><tr><td>Sciences sociales<\/td><td class=\"has-text-align-center\" data-align=\"center\">0<\/td><td class=\"has-text-align-center\" data-align=\"center\">4<\/td><td class=\"has-text-align-center\" data-align=\"center\">0<\/td><\/tr><tr><td>Sport<\/td><td class=\"has-text-align-center\" data-align=\"center\">0<\/td><td class=\"has-text-align-center\" data-align=\"center\">1<\/td><td class=\"has-text-align-center\" data-align=\"center\">0<\/td><\/tr><tr><td>Info<\/td><td class=\"has-text-align-center\" data-align=\"center\">1<\/td><td class=\"has-text-align-center\" data-align=\"center\">0<\/td><td class=\"has-text-align-center\" data-align=\"center\">1<\/td><\/tr><tr><td>Renforcement laboratoire<\/td><td class=\"has-text-align-center\" data-align=\"center\">1<\/td><td class=\"has-text-align-center\" data-align=\"center\">1<\/td><td class=\"has-text-align-center\" data-align=\"center\">1<\/td><\/tr><tr><td>Education technique et technologique<\/td><td class=\"has-text-align-center\" data-align=\"center\">0<\/td><td class=\"has-text-align-center\" data-align=\"center\">0<\/td><td class=\"has-text-align-center\" data-align=\"center\">4<\/td><\/tr><tr><td><\/td><td class=\"has-text-align-center\" data-align=\"center\">33<\/td><td class=\"has-text-align-center\" data-align=\"center\">33<\/td><td class=\"has-text-align-center\" data-align=\"center\">33<\/td><\/tr><\/tbody><\/table><\/figure>\n<!-- \/wp:table -->\n\n<!-- wp:heading -->\n<h2>Qu\u2019en pensent les anciens&nbsp;?<\/h2>\n<!-- \/wp:heading -->\n\n<!-- wp:quote {\"className\":\"is-style-default\"} -->\n<blockquote class=\"wp-block-quote is-style-default\"><p>Tout d\u2019abord, il faut une base correcte en chimie, je tiens donc \u00e0 vous remercier vous et les professeurs de sciences de la Sainte-Union car nul ne dira le contraire : la formation scientifique de cette \u00e9cole est de tr\u00e8s bonne qualit\u00e9. Le bachelier dure trois ans. J\u2019ai r\u00e9alis\u00e9 mes \u00e9tudes \u00e0 Condorcet Ath. Au cours des 3 ann\u00e9es, il y a 50% de cours th\u00e9oriques et 50% de manipulations, except\u00e9 en derni\u00e8re&nbsp; ann\u00e9e, o\u00f9 le premier quadri est constitu\u00e9 de 50% de th\u00e9orie et 50% de pratique tandis que le second quadri est constitu\u00e9 de la pr\u00e9paration du TFE ainsi que du stage (4 mois). <\/p><cite>S R, bachelier en chimie<\/cite><\/blockquote>\n<!-- \/wp:quote -->\n\n<!-- wp:quote {\"className\":\"is-style-default\"} -->\n<blockquote class=\"wp-block-quote is-style-default\"><p>J\u2019ai commenc\u00e9 \u00e0 \u00e9tudier la biologie \u00e0 l\u2019UMons juste apr\u00e8s mes \u00e9tudes secondaires \u00e0 la Sainte-Union de Kain. J\u2019y ai suivi un bac en sciences biologiques pendant 3 ans puis un Master en biologie des organismes et \u00e9cologie pendant 2 ans. Durant ma derni\u00e8re ann\u00e9e de master, j\u2019ai r\u00e9alis\u00e9 mon m\u00e9moire dans le laboratoire de biologie des organismes marins et biomim\u00e9tisme.<br>J\u2019ai toujours voulu poursuivre une carri\u00e8re scientifique et gr\u00e2ce aux grandes distinctions obtenues durant ces 5 ann\u00e9es, mes 2 promoteurs de m\u00e9moire m\u2019ont propos\u00e9 tr\u00e8s vite de poursuivre mon travail avec une th\u00e8se. J\u2019ai postul\u00e9 \u00e0 la bourse FRIA du FNRS en octobre 2016 en envoyant mon dossier et mon projet de th\u00e8se. J\u2019ai \u00e9t\u00e9 class\u00e9e premi\u00e8re de la commission dont je faisais partie suite \u00e0 un entretien avec un jury et j\u2019ai donc re\u00e7u cette bourse pour 4 ans de recherche dans le laboratoire de biologie des organismes marins et biomim\u00e9tisme. <\/p><cite>M B, doctorante en sciences<\/cite><\/blockquote>\n<!-- \/wp:quote -->\n\n<!-- wp:quote {\"className\":\"is-style-default\"} -->\n<blockquote class=\"wp-block-quote is-style-default\"><p>Je suis dipl\u00f4m\u00e9 depuis fin juin 2016 et j&rsquo;ai commenc\u00e9 \u00e0 travailler le 1<sup>er <\/sup>ao\u00fbt, de quoi avoir juste le temps de souffler un peu apr\u00e8s la r\u00e9alisation du m\u00e9moire. Ing\u00e9nieur est un profil des plus recherch\u00e9s sur le march\u00e9 de l&#8217;emploi, que ce soit en Belgique ou \u00e0 l&rsquo;\u00e9tranger. Vu la p\u00e9nurie d&rsquo;ing\u00e9nieurs et les tr\u00e8s vastes domaines d&rsquo;application li\u00e9s \u00e0 ce m\u00e9tier (comme l&rsquo;industrie automobile, la sid\u00e9rurgie, le secteur bancaire, l&rsquo;a\u00e9ronautique, ou m\u00eame l&rsquo;enseignement), une place de travail est assur\u00e9e en finissant les \u00e9tudes, et dans le secteur qui nous attire le plus. <\/p><cite>M N, Ing\u00e9nieur industriel<\/cite><\/blockquote>\n<!-- \/wp:quote -->\n\n<div style=\"text-align: center;\"><a class=\"like-elementor-bt\" href=\"https:\/\/www.sukain.be\/secondaire\/nos-formations\/\">Retourner vers les offres d&rsquo;enseignement<\/a><\/div>\t\t\t\t\t\t<\/div>\n\t\t\t\t<\/div>\n\t\t\t\t\t<\/div>\n\t\t<\/div>\n\t\t\t\t\t\t\t<\/div>\n\t\t<\/section>\n\t\t\t\t<section class=\"elementor-section elementor-top-section elementor-element elementor-element-57e4734 elementor-section-boxed elementor-section-height-default elementor-section-height-default\" data-id=\"57e4734\" data-element_type=\"section\">\n\t\t\t\t\t\t<div class=\"elementor-container elementor-column-gap-default\">\n\t\t\t\t\t<div class=\"elementor-column elementor-col-100 elementor-top-column elementor-element elementor-element-a6d8592\" data-id=\"a6d8592\" data-element_type=\"column\">\n\t\t\t<div class=\"elementor-widget-wrap elementor-element-populated\">\n\t\t\t\t\t\t\t\t<div class=\"elementor-element elementor-element-e2bf8a6 elementor-align-center elementor-widget elementor-widget-button\" data-id=\"e2bf8a6\" data-element_type=\"widget\" data-widget_type=\"button.default\">\n\t\t\t\t<div class=\"elementor-widget-container\">\n\t\t\t\t\t<div class=\"elementor-button-wrapper\">\n\t\t\t<a href=\"https:\/\/drive.google.com\/file\/d\/1bNqZmxeHBWLuCx97QoZhYiTDjp2iD-zD\/view?usp=drive_link\" target=\"_blank\" class=\"elementor-button-link elementor-button elementor-size-sm\" role=\"button\">\n\t\t\t\t\t\t<span class=\"elementor-button-content-wrapper\">\n\t\t\t\t\t\t\t<span class=\"elementor-button-icon elementor-align-icon-left\">\n\t\t\t\t<i aria-hidden=\"true\" class=\"fas fa-file-pdf\"><\/i>\t\t\t<\/span>\n\t\t\t\t\t\t<span class=\"elementor-button-text\">T\u00e9l\u00e9charger le fascicule de pr\u00e9sentation<\/span>\n\t\t<\/span>\n\t\t\t\t\t<\/a>\n\t\t<\/div>\n\t\t\t\t<\/div>\n\t\t\t\t<\/div>\n\t\t\t\t\t<\/div>\n\t\t<\/div>\n\t\t\t\t\t\t\t<\/div>\n\t\t<\/section>\n\t\t\t\t\t\t\t<\/div>\n\t\t","protected":false},"excerpt":{"rendered":"<p>Sans la curiosit\u00e9 de l&rsquo;esprit, que serions-nous ? Telle est bien la beaut\u00e9 et la noblesse de la&nbsp;science&nbsp;: d\u00e9sir sans fin de repousser les fronti\u00e8res du savoir, de traquer les secrets de la mati\u00e8re et de la vie [\u2026].&nbsp; (Marie<\/p>\n","protected":false},"author":96,"featured_media":0,"parent":0,"menu_order":0,"comment_status":"closed","ping_status":"closed","template":"","meta":{"footnotes":""},"folder":[],"yoast_head":"<!-- This site is optimized with the Yoast SEO plugin v20.0 - https:\/\/yoast.com\/wordpress\/plugins\/seo\/ -->\n<title>G\u00e9n\u00e9ral Option Sciences - 3e et 4e - \u00c9cole secondaire de la Sainte-Union de Kain (Tournai)<\/title>\n<meta name=\"robots\" content=\"index, follow, max-snippet:-1, max-image-preview:large, max-video-preview:-1\" \/>\n<link rel=\"canonical\" href=\"https:\/\/www.sukain.be\/secondaire\/3eme-et-4eme-general-option-sciences\/\" \/>\n<meta property=\"og:locale\" content=\"fr_FR\" \/>\n<meta property=\"og:type\" content=\"article\" \/>\n<meta property=\"og:title\" content=\"G\u00e9n\u00e9ral Option Sciences - 3e et 4e - \u00c9cole secondaire de la Sainte-Union de Kain (Tournai)\" \/>\n<meta property=\"og:description\" content=\"Sans la curiosit\u00e9 de l&#039;esprit, que serions-nous ? Telle est bien la beaut\u00e9 et la noblesse de la&nbsp;science&nbsp;: d\u00e9sir sans fin de repousser les fronti\u00e8res du savoir, de traquer les secrets de la mati\u00e8re et de la vie [\u2026].&nbsp; (Marie\" \/>\n<meta property=\"og:url\" content=\"https:\/\/www.sukain.be\/secondaire\/3eme-et-4eme-general-option-sciences\/\" \/>\n<meta property=\"og:site_name\" content=\"\u00c9cole secondaire de la Sainte-Union de Kain (Tournai)\" \/>\n<meta property=\"article:modified_time\" content=\"2026-02-10T12:14:57+00:00\" \/>\n<meta property=\"og:image\" content=\"http:\/\/www.sukain.be\/secondaire\/wp-content\/uploads\/2021\/06\/Sciences-1.jpg\" \/>\n<meta name=\"twitter:label1\" content=\"Dur\u00e9e de lecture estim\u00e9e\" \/>\n\t<meta name=\"twitter:data1\" content=\"6 minutes\" \/>\n<script type=\"application\/ld+json\" class=\"yoast-schema-graph\">{\"@context\":\"https:\/\/schema.org\",\"@graph\":[{\"@type\":\"WebPage\",\"@id\":\"https:\/\/www.sukain.be\/secondaire\/3eme-et-4eme-general-option-sciences\/\",\"url\":\"https:\/\/www.sukain.be\/secondaire\/3eme-et-4eme-general-option-sciences\/\",\"name\":\"G\u00e9n\u00e9ral Option Sciences - 3e et 4e - \u00c9cole secondaire de la Sainte-Union de Kain (Tournai)\",\"isPartOf\":{\"@id\":\"https:\/\/www.sukain.be\/secondaire\/#website\"},\"datePublished\":\"2021-06-30T16:21:26+00:00\",\"dateModified\":\"2026-02-10T12:14:57+00:00\",\"breadcrumb\":{\"@id\":\"https:\/\/www.sukain.be\/secondaire\/3eme-et-4eme-general-option-sciences\/#breadcrumb\"},\"inLanguage\":\"fr-FR\",\"potentialAction\":[{\"@type\":\"ReadAction\",\"target\":[\"https:\/\/www.sukain.be\/secondaire\/3eme-et-4eme-general-option-sciences\/\"]}]},{\"@type\":\"BreadcrumbList\",\"@id\":\"https:\/\/www.sukain.be\/secondaire\/3eme-et-4eme-general-option-sciences\/#breadcrumb\",\"itemListElement\":[{\"@type\":\"ListItem\",\"position\":1,\"name\":\"Accueil\",\"item\":\"https:\/\/www.sukain.be\/secondaire\/\"},{\"@type\":\"ListItem\",\"position\":2,\"name\":\"G\u00e9n\u00e9ral Option Sciences &#8211; 3e et 4e\"}]},{\"@type\":\"WebSite\",\"@id\":\"https:\/\/www.sukain.be\/secondaire\/#website\",\"url\":\"https:\/\/www.sukain.be\/secondaire\/\",\"name\":\"\u00c9cole secondaire de la Sainte-Union de Kain (Tournai)\",\"description\":\"Ton avenir entre tes mains\",\"potentialAction\":[{\"@type\":\"SearchAction\",\"target\":{\"@type\":\"EntryPoint\",\"urlTemplate\":\"https:\/\/www.sukain.be\/secondaire\/?s={search_term_string}\"},\"query-input\":\"required name=search_term_string\"}],\"inLanguage\":\"fr-FR\"}]}<\/script>\n<!-- \/ Yoast SEO plugin. -->","yoast_head_json":{"title":"G\u00e9n\u00e9ral Option Sciences - 3e et 4e - \u00c9cole secondaire de la Sainte-Union de Kain (Tournai)","robots":{"index":"index","follow":"follow","max-snippet":"max-snippet:-1","max-image-preview":"max-image-preview:large","max-video-preview":"max-video-preview:-1"},"canonical":"https:\/\/www.sukain.be\/secondaire\/3eme-et-4eme-general-option-sciences\/","og_locale":"fr_FR","og_type":"article","og_title":"G\u00e9n\u00e9ral Option Sciences - 3e et 4e - \u00c9cole secondaire de la Sainte-Union de Kain (Tournai)","og_description":"Sans la curiosit\u00e9 de l'esprit, que serions-nous ? Telle est bien la beaut\u00e9 et la noblesse de la&nbsp;science&nbsp;: d\u00e9sir sans fin de repousser les fronti\u00e8res du savoir, de traquer les secrets de la mati\u00e8re et de la vie [\u2026].&nbsp; (Marie","og_url":"https:\/\/www.sukain.be\/secondaire\/3eme-et-4eme-general-option-sciences\/","og_site_name":"\u00c9cole secondaire de la Sainte-Union de Kain (Tournai)","article_modified_time":"2026-02-10T12:14:57+00:00","og_image":[{"url":"http:\/\/www.sukain.be\/secondaire\/wp-content\/uploads\/2021\/06\/Sciences-1.jpg"}],"twitter_misc":{"Dur\u00e9e de lecture estim\u00e9e":"6 minutes"},"schema":{"@context":"https:\/\/schema.org","@graph":[{"@type":"WebPage","@id":"https:\/\/www.sukain.be\/secondaire\/3eme-et-4eme-general-option-sciences\/","url":"https:\/\/www.sukain.be\/secondaire\/3eme-et-4eme-general-option-sciences\/","name":"G\u00e9n\u00e9ral Option Sciences - 3e et 4e - \u00c9cole secondaire de la Sainte-Union de Kain (Tournai)","isPartOf":{"@id":"https:\/\/www.sukain.be\/secondaire\/#website"},"datePublished":"2021-06-30T16:21:26+00:00","dateModified":"2026-02-10T12:14:57+00:00","breadcrumb":{"@id":"https:\/\/www.sukain.be\/secondaire\/3eme-et-4eme-general-option-sciences\/#breadcrumb"},"inLanguage":"fr-FR","potentialAction":[{"@type":"ReadAction","target":["https:\/\/www.sukain.be\/secondaire\/3eme-et-4eme-general-option-sciences\/"]}]},{"@type":"BreadcrumbList","@id":"https:\/\/www.sukain.be\/secondaire\/3eme-et-4eme-general-option-sciences\/#breadcrumb","itemListElement":[{"@type":"ListItem","position":1,"name":"Accueil","item":"https:\/\/www.sukain.be\/secondaire\/"},{"@type":"ListItem","position":2,"name":"G\u00e9n\u00e9ral Option Sciences &#8211; 3e et 4e"}]},{"@type":"WebSite","@id":"https:\/\/www.sukain.be\/secondaire\/#website","url":"https:\/\/www.sukain.be\/secondaire\/","name":"\u00c9cole secondaire de la Sainte-Union de Kain (Tournai)","description":"Ton avenir entre tes mains","potentialAction":[{"@type":"SearchAction","target":{"@type":"EntryPoint","urlTemplate":"https:\/\/www.sukain.be\/secondaire\/?s={search_term_string}"},"query-input":"required name=search_term_string"}],"inLanguage":"fr-FR"}]}},"_links":{"self":[{"href":"https:\/\/www.sukain.be\/secondaire\/wp-json\/wp\/v2\/pages\/6276"}],"collection":[{"href":"https:\/\/www.sukain.be\/secondaire\/wp-json\/wp\/v2\/pages"}],"about":[{"href":"https:\/\/www.sukain.be\/secondaire\/wp-json\/wp\/v2\/types\/page"}],"author":[{"embeddable":true,"href":"https:\/\/www.sukain.be\/secondaire\/wp-json\/wp\/v2\/users\/96"}],"replies":[{"embeddable":true,"href":"https:\/\/www.sukain.be\/secondaire\/wp-json\/wp\/v2\/comments?post=6276"}],"version-history":[{"count":6,"href":"https:\/\/www.sukain.be\/secondaire\/wp-json\/wp\/v2\/pages\/6276\/revisions"}],"predecessor-version":[{"id":8643,"href":"https:\/\/www.sukain.be\/secondaire\/wp-json\/wp\/v2\/pages\/6276\/revisions\/8643"}],"wp:attachment":[{"href":"https:\/\/www.sukain.be\/secondaire\/wp-json\/wp\/v2\/media?parent=6276"}],"wp:term":[{"taxonomy":"folder","embeddable":true,"href":"https:\/\/www.sukain.be\/secondaire\/wp-json\/wp\/v2\/folder?post=6276"}],"curies":[{"name":"wp","href":"https:\/\/api.w.org\/{rel}","templated":true}]}}