{"id":593,"date":"2014-02-10T12:43:34","date_gmt":"2014-02-10T11:43:34","guid":{"rendered":"http:\/\/www.sukain.com\/secondaire\/?page_id=593"},"modified":"2026-03-11T15:46:18","modified_gmt":"2026-03-11T13:46:18","slug":"le-mot-de-la-directrice","status":"publish","type":"page","link":"https:\/\/www.sukain.be\/secondaire\/","title":{"rendered":"\u00c9cole Enseignement Secondaire Kain (Tournai)"},"content":{"rendered":"\t\t<div data-elementor-type=\"wp-page\" data-elementor-id=\"593\" class=\"elementor elementor-593\">\n\t\t\t\t\t\t\t\t\t<section class=\"elementor-section elementor-top-section elementor-element elementor-element-e111ca7 elementor-section-boxed elementor-section-height-default elementor-section-height-default\" data-id=\"e111ca7\" data-element_type=\"section\">\n\t\t\t\t\t\t<div class=\"elementor-container elementor-column-gap-default\">\n\t\t\t\t\t<div class=\"elementor-column elementor-col-100 elementor-top-column elementor-element elementor-element-3757348\" data-id=\"3757348\" data-element_type=\"column\">\n\t\t\t<div class=\"elementor-widget-wrap elementor-element-populated\">\n\t\t\t\t\t\t\t\t<div class=\"elementor-element elementor-element-5ffc9c5 elementor-widget elementor-widget-image\" data-id=\"5ffc9c5\" data-element_type=\"widget\" data-widget_type=\"image.default\">\n\t\t\t\t<div class=\"elementor-widget-container\">\n\t\t\t\t\t\t\t\t\t\t\t\t\t\t\t<img loading=\"lazy\" decoding=\"async\" width=\"720\" height=\"1018\" src=\"https:\/\/www.sukain.be\/secondaire\/wp-content\/uploads\/2026\/03\/2026-02-12-Portes-ouvertes-infos-724x1024.jpg\" class=\"attachment-large size-large wp-image-8709\" alt=\"\" srcset=\"https:\/\/www.sukain.be\/secondaire\/wp-content\/uploads\/2026\/03\/2026-02-12-Portes-ouvertes-infos-724x1024.jpg 724w, https:\/\/www.sukain.be\/secondaire\/wp-content\/uploads\/2026\/03\/2026-02-12-Portes-ouvertes-infos-212x300.jpg 212w, https:\/\/www.sukain.be\/secondaire\/wp-content\/uploads\/2026\/03\/2026-02-12-Portes-ouvertes-infos-768x1086.jpg 768w, https:\/\/www.sukain.be\/secondaire\/wp-content\/uploads\/2026\/03\/2026-02-12-Portes-ouvertes-infos-1086x1536.jpg 1086w, https:\/\/www.sukain.be\/secondaire\/wp-content\/uploads\/2026\/03\/2026-02-12-Portes-ouvertes-infos.jpg 1191w\" sizes=\"(max-width: 720px) 100vw, 720px\" \/>\t\t\t\t\t\t\t\t\t\t\t\t\t\t\t<\/div>\n\t\t\t\t<\/div>\n\t\t\t\t\t<\/div>\n\t\t<\/div>\n\t\t\t\t\t\t\t<\/div>\n\t\t<\/section>\n\t\t\t\t<section class=\"elementor-section elementor-top-section elementor-element elementor-element-7f6791ec elementor-section-boxed elementor-section-height-default elementor-section-height-default\" data-id=\"7f6791ec\" data-element_type=\"section\">\n\t\t\t\t\t\t<div class=\"elementor-container elementor-column-gap-default\">\n\t\t\t\t\t<div class=\"elementor-column elementor-col-100 elementor-top-column elementor-element elementor-element-252a7409\" data-id=\"252a7409\" data-element_type=\"column\">\n\t\t\t<div class=\"elementor-widget-wrap elementor-element-populated\">\n\t\t\t\t\t\t\t\t<div class=\"elementor-element elementor-element-259c96aa elementor-widget elementor-widget-text-editor\" data-id=\"259c96aa\" data-element_type=\"widget\" data-widget_type=\"text-editor.default\">\n\t\t\t\t<div class=\"elementor-widget-container\">\n\t\t\t\t\t\t\t<p>Ce site veut \u00eatre le reflet de la vie quotidienne de nos \u00e9l\u00e8ves et de l&rsquo;\u00e9quipe \u00e9ducative.<\/p>\n<blockquote>\n<p>Faire en sorte que chaque matin, nos \u00e9l\u00e8ves viennent avec l&rsquo;envie d&rsquo;apprendre, tel est notre challenge quotidien.<\/p>\n<\/blockquote>\n<p>Notre \u00e9cole secondaire, ouverte sur le monde, veut donner du sens aux apprentissages afin que chaque \u00e9l\u00e8ve puisse construire peu \u00e0 peu son identit\u00e9 de futur adulte responsable et citoyen.<\/p>\n<p>Doter chaque \u00e9l\u00e8ve de l&rsquo;enseignement secondaire des comp\u00e9tences et des savoirs n\u00e9cessaires \u00e0 la poursuite de son projet, exiger son maximum d&rsquo;excellence, favoriser l&rsquo;\u00e9galit\u00e9 des chances en assurant \u00e0 certains un surcro\u00eet d&rsquo;attention et de moyens, \u00e0 d&rsquo;autres, par contre, des performances \u00e0 leur mesure et, \u00e0 tous, des d\u00e9fis.<\/p>\n<p style=\"text-align: right;\"><em>B. Ledent, Directrice<\/em><\/p>\n\n<!-- wp:heading {\"level\":3} -->\n<h3 class=\"wp-block-heading\">Notre \u00e9cole propose les fili\u00e8res suivantes<\/h3>\n<!-- \/wp:heading -->\n\n<!-- wp:list -->\n<ul><!-- wp:list-item -->\n<li>L&rsquo;enseignement g\u00e9n\u00e9ral ax\u00e9 sur les langues, les sciences, les math\u00e9matiques, l&rsquo;\u00e9ducation technique et technologique, les sciences sociales, le litt\u00e9raire, le biotechnique et l&rsquo;audiovisuel.&nbsp;<\/li>\n<!-- \/wp:list-item -->\n\n<!-- wp:list-item -->\n<li>L&rsquo;enseignement technique de qualification o\u00f9 les formations s&rsquo;articulent autour du m\u00e9tier d&rsquo;\u00e9ducateur et de l&rsquo;h\u00f4telier restaurateur via l&rsquo;\u00e9cole h\u00f4teli\u00e8re<\/li>\n<!-- \/wp:list-item -->\n\n<!-- wp:list-item -->\n<li>La formation en 7<sup>e<\/sup> professionnelle,&nbsp; traiteur, organisateur de banquets et de r\u00e9ceptions, est accessible en plein exercice mais aussi en CEFA.<\/li>\n<!-- \/wp:list-item --><\/ul>\n<!-- \/wp:list -->\n\n<!-- wp:paragraph -->\n<p>Une description d\u00e9taill\u00e9e de ces formations se retrouve sur la <a href=\"https:\/\/www.sukain.be\/secondaire\/nos-formations\/\">page suivante<\/a><\/p>\n<!-- \/wp:paragraph -->\n\n<!-- wp:paragraph {\"style\":{\"color\":{\"background\":\"#b6e076\"}},\"textColor\":\"white\",\"fontSize\":\"medium\"} -->\n<p class=\"has-white-color has-text-color has-background has-medium-font-size\" style=\"background-color:#b6e076\"><strong>Les inscriptions<\/strong> pour les \u00e9l\u00e8ves qui entreront en premi\u00e8re secondaire fin ao\u00fbt, d\u00e9but septembre ou pour un autre degr\u00e9 se font sur rendez-vous en t\u00e9l\u00e9phonant \u00e0 l&rsquo;\u00e9cole au 069\/890389.<\/p>\n<!-- \/wp:paragraph -->\n\n<!-- wp:embed {\"url\":\"https:\/\/youtu.be\/-QOnNW_3uYg\",\"type\":\"video\",\"providerNameSlug\":\"youtube\",\"responsive\":true,\"className\":\"wp-embed-aspect-16-9 wp-has-aspect-ratio\"} -->\n<figure class=\"wp-block-embed is-type-video is-provider-youtube wp-block-embed-youtube wp-embed-aspect-16-9 wp-has-aspect-ratio\"><div class=\"wp-block-embed__wrapper\">\n<iframe loading=\"lazy\" title=\"Pr\u00e9sentation \u00c9cole secondaire Sainte-Union de kain (tournai) - 1 minute\" width=\"720\" height=\"405\" src=\"https:\/\/www.youtube.com\/embed\/-QOnNW_3uYg?feature=oembed\" frameborder=\"0\" allow=\"accelerometer; autoplay; clipboard-write; encrypted-media; gyroscope; picture-in-picture; web-share\" allowfullscreen><\/iframe>\n<\/div><\/figure>\n<!-- \/wp:embed -->\n\n<!-- wp:image {\"id\":8129,\"sizeSlug\":\"large\",\"linkDestination\":\"media\"} -->\n<figure class=\"wp-block-image size-large\"><a href=\"https:\/\/www.sukain.be\/secondaire\/wp-content\/uploads\/2025\/05\/DJI_0258-scaled.jpg\"><img loading=\"lazy\" decoding=\"async\" width=\"1024\" height=\"768\" src=\"https:\/\/www.sukain.be\/secondaire\/wp-content\/uploads\/2025\/05\/DJI_0258-1024x768.jpg\" alt=\"\" class=\"wp-image-8129\" title=\"\" srcset=\"https:\/\/www.sukain.be\/secondaire\/wp-content\/uploads\/2025\/05\/DJI_0258-1024x768.jpg 1024w, https:\/\/www.sukain.be\/secondaire\/wp-content\/uploads\/2025\/05\/DJI_0258-300x225.jpg 300w, https:\/\/www.sukain.be\/secondaire\/wp-content\/uploads\/2025\/05\/DJI_0258-768x576.jpg 768w, https:\/\/www.sukain.be\/secondaire\/wp-content\/uploads\/2025\/05\/DJI_0258-1536x1152.jpg 1536w, https:\/\/www.sukain.be\/secondaire\/wp-content\/uploads\/2025\/05\/DJI_0258-2048x1536.jpg 2048w\" sizes=\"(max-width: 1024px) 100vw, 1024px\" \/><\/a><figcaption class=\"wp-element-caption\">default<\/figcaption><\/figure>\n<!-- \/wp:image -->\n\n<!-- wp:buttons -->\n<div class=\"wp-block-buttons\"><!-- wp:button -->\n<div class=\"wp-block-button\"><a class=\"wp-block-button__link wp-element-button\" href=\"https:\/\/www.sukain.be\/fondamental\/\" target=\"_blank\" rel=\"noreferrer noopener\">Vers le site du Fondamental<\/a><\/div>\n<!-- \/wp:button --><\/div>\n<!-- \/wp:buttons -->\t\t\t\t\t\t<\/div>\n\t\t\t\t<\/div>\n\t\t\t\t\t<\/div>\n\t\t<\/div>\n\t\t\t\t\t\t\t<\/div>\n\t\t<\/section>\n\t\t\t\t\t\t\t<\/div>\n\t\t","protected":false},"excerpt":{"rendered":"<p>Ce site veut \u00eatre le reflet de la vie quotidienne de nos \u00e9l\u00e8ves et de l&rsquo;\u00e9quipe \u00e9ducative. Faire en sorte que chaque matin, nos \u00e9l\u00e8ves viennent avec l&rsquo;envie d&rsquo;apprendre, tel est notre challenge quotidien. Notre \u00e9cole secondaire, ouverte sur le<\/p>\n","protected":false},"author":3,"featured_media":0,"parent":0,"menu_order":100,"comment_status":"closed","ping_status":"open","template":"","meta":{"footnotes":""},"folder":[],"yoast_head":"<!-- This site is optimized with the Yoast SEO plugin v20.0 - https:\/\/yoast.com\/wordpress\/plugins\/seo\/ -->\n<title>\u00c9cole Enseignement Secondaire Kain (Tournai) - \u00c9cole secondaire de la Sainte-Union de Kain (Tournai)<\/title>\n<meta name=\"description\" content=\"Ecole Secondaire Kain-Tournai Enseignement G\u00e9n\u00e9ral, Transition (Sciences sociales et \u00e9ducatives-Biotech), Enseignement qualifiant (Educateur-Ecole h\u00f4teli\u00e8re)\" \/>\n<meta name=\"robots\" content=\"index, follow, max-snippet:-1, max-image-preview:large, max-video-preview:-1\" \/>\n<link rel=\"canonical\" href=\"https:\/\/www.sukain.be\/secondaire\/\" \/>\n<meta property=\"og:locale\" content=\"fr_FR\" \/>\n<meta property=\"og:type\" content=\"article\" \/>\n<meta property=\"og:title\" content=\"\u00c9cole Enseignement Secondaire Kain (Tournai) - \u00c9cole secondaire de la Sainte-Union de Kain (Tournai)\" \/>\n<meta property=\"og:description\" content=\"Ecole Secondaire Kain-Tournai Enseignement G\u00e9n\u00e9ral, Transition (Sciences sociales et \u00e9ducatives-Biotech), Enseignement qualifiant (Educateur-Ecole h\u00f4teli\u00e8re)\" \/>\n<meta property=\"og:url\" content=\"https:\/\/www.sukain.be\/secondaire\/\" \/>\n<meta property=\"og:site_name\" content=\"\u00c9cole secondaire de la Sainte-Union de Kain (Tournai)\" \/>\n<meta property=\"article:modified_time\" content=\"2026-03-11T13:46:18+00:00\" \/>\n<meta property=\"og:image\" content=\"https:\/\/www.sukain.be\/secondaire\/wp-content\/uploads\/2026\/03\/2026-02-12-Portes-ouvertes-infos-724x1024.jpg\" \/>\n<meta name=\"twitter:label1\" content=\"Dur\u00e9e de lecture estim\u00e9e\" \/>\n\t<meta name=\"twitter:data1\" content=\"2 minutes\" \/>\n<script type=\"application\/ld+json\" class=\"yoast-schema-graph\">{\"@context\":\"https:\/\/schema.org\",\"@graph\":[{\"@type\":\"WebPage\",\"@id\":\"https:\/\/www.sukain.be\/secondaire\/\",\"url\":\"https:\/\/www.sukain.be\/secondaire\/\",\"name\":\"\u00c9cole Enseignement Secondaire Kain (Tournai) - \u00c9cole secondaire de la Sainte-Union de Kain (Tournai)\",\"isPartOf\":{\"@id\":\"https:\/\/www.sukain.be\/secondaire\/#website\"},\"datePublished\":\"2014-02-10T11:43:34+00:00\",\"dateModified\":\"2026-03-11T13:46:18+00:00\",\"description\":\"Ecole Secondaire Kain-Tournai Enseignement G\u00e9n\u00e9ral, Transition (Sciences sociales et \u00e9ducatives-Biotech), Enseignement qualifiant (Educateur-Ecole h\u00f4teli\u00e8re)\",\"breadcrumb\":{\"@id\":\"https:\/\/www.sukain.be\/secondaire\/#breadcrumb\"},\"inLanguage\":\"fr-FR\",\"potentialAction\":[{\"@type\":\"ReadAction\",\"target\":[\"https:\/\/www.sukain.be\/secondaire\/\"]}]},{\"@type\":\"BreadcrumbList\",\"@id\":\"https:\/\/www.sukain.be\/secondaire\/#breadcrumb\",\"itemListElement\":[{\"@type\":\"ListItem\",\"position\":1,\"name\":\"Accueil\",\"item\":\"https:\/\/www.sukain.be\/secondaire\/\"},{\"@type\":\"ListItem\",\"position\":2,\"name\":\"\u00c9cole Enseignement Secondaire Kain (Tournai)\"}]},{\"@type\":\"WebSite\",\"@id\":\"https:\/\/www.sukain.be\/secondaire\/#website\",\"url\":\"https:\/\/www.sukain.be\/secondaire\/\",\"name\":\"\u00c9cole secondaire de la Sainte-Union de Kain (Tournai)\",\"description\":\"Ton avenir entre tes mains\",\"potentialAction\":[{\"@type\":\"SearchAction\",\"target\":{\"@type\":\"EntryPoint\",\"urlTemplate\":\"https:\/\/www.sukain.be\/secondaire\/?s={search_term_string}\"},\"query-input\":\"required name=search_term_string\"}],\"inLanguage\":\"fr-FR\"}]}<\/script>\n<!-- \/ Yoast SEO plugin. -->","yoast_head_json":{"title":"\u00c9cole Enseignement Secondaire Kain (Tournai) - \u00c9cole secondaire de la Sainte-Union de Kain (Tournai)","description":"Ecole Secondaire Kain-Tournai Enseignement G\u00e9n\u00e9ral, Transition (Sciences sociales et \u00e9ducatives-Biotech), Enseignement qualifiant (Educateur-Ecole h\u00f4teli\u00e8re)","robots":{"index":"index","follow":"follow","max-snippet":"max-snippet:-1","max-image-preview":"max-image-preview:large","max-video-preview":"max-video-preview:-1"},"canonical":"https:\/\/www.sukain.be\/secondaire\/","og_locale":"fr_FR","og_type":"article","og_title":"\u00c9cole Enseignement Secondaire Kain (Tournai) - \u00c9cole secondaire de la Sainte-Union de Kain (Tournai)","og_description":"Ecole Secondaire Kain-Tournai Enseignement G\u00e9n\u00e9ral, Transition (Sciences sociales et \u00e9ducatives-Biotech), Enseignement qualifiant (Educateur-Ecole h\u00f4teli\u00e8re)","og_url":"https:\/\/www.sukain.be\/secondaire\/","og_site_name":"\u00c9cole secondaire de la Sainte-Union de Kain (Tournai)","article_modified_time":"2026-03-11T13:46:18+00:00","og_image":[{"url":"https:\/\/www.sukain.be\/secondaire\/wp-content\/uploads\/2026\/03\/2026-02-12-Portes-ouvertes-infos-724x1024.jpg"}],"twitter_misc":{"Dur\u00e9e de lecture estim\u00e9e":"2 minutes"},"schema":{"@context":"https:\/\/schema.org","@graph":[{"@type":"WebPage","@id":"https:\/\/www.sukain.be\/secondaire\/","url":"https:\/\/www.sukain.be\/secondaire\/","name":"\u00c9cole Enseignement Secondaire Kain (Tournai) - \u00c9cole secondaire de la Sainte-Union de Kain (Tournai)","isPartOf":{"@id":"https:\/\/www.sukain.be\/secondaire\/#website"},"datePublished":"2014-02-10T11:43:34+00:00","dateModified":"2026-03-11T13:46:18+00:00","description":"Ecole Secondaire Kain-Tournai Enseignement G\u00e9n\u00e9ral, Transition (Sciences sociales et \u00e9ducatives-Biotech), Enseignement qualifiant (Educateur-Ecole h\u00f4teli\u00e8re)","breadcrumb":{"@id":"https:\/\/www.sukain.be\/secondaire\/#breadcrumb"},"inLanguage":"fr-FR","potentialAction":[{"@type":"ReadAction","target":["https:\/\/www.sukain.be\/secondaire\/"]}]},{"@type":"BreadcrumbList","@id":"https:\/\/www.sukain.be\/secondaire\/#breadcrumb","itemListElement":[{"@type":"ListItem","position":1,"name":"Accueil","item":"https:\/\/www.sukain.be\/secondaire\/"},{"@type":"ListItem","position":2,"name":"\u00c9cole Enseignement Secondaire Kain (Tournai)"}]},{"@type":"WebSite","@id":"https:\/\/www.sukain.be\/secondaire\/#website","url":"https:\/\/www.sukain.be\/secondaire\/","name":"\u00c9cole secondaire de la Sainte-Union de Kain (Tournai)","description":"Ton avenir entre tes mains","potentialAction":[{"@type":"SearchAction","target":{"@type":"EntryPoint","urlTemplate":"https:\/\/www.sukain.be\/secondaire\/?s={search_term_string}"},"query-input":"required name=search_term_string"}],"inLanguage":"fr-FR"}]}},"_links":{"self":[{"href":"https:\/\/www.sukain.be\/secondaire\/wp-json\/wp\/v2\/pages\/593"}],"collection":[{"href":"https:\/\/www.sukain.be\/secondaire\/wp-json\/wp\/v2\/pages"}],"about":[{"href":"https:\/\/www.sukain.be\/secondaire\/wp-json\/wp\/v2\/types\/page"}],"author":[{"embeddable":true,"href":"https:\/\/www.sukain.be\/secondaire\/wp-json\/wp\/v2\/users\/3"}],"replies":[{"embeddable":true,"href":"https:\/\/www.sukain.be\/secondaire\/wp-json\/wp\/v2\/comments?post=593"}],"version-history":[{"count":17,"href":"https:\/\/www.sukain.be\/secondaire\/wp-json\/wp\/v2\/pages\/593\/revisions"}],"predecessor-version":[{"id":8712,"href":"https:\/\/www.sukain.be\/secondaire\/wp-json\/wp\/v2\/pages\/593\/revisions\/8712"}],"wp:attachment":[{"href":"https:\/\/www.sukain.be\/secondaire\/wp-json\/wp\/v2\/media?parent=593"}],"wp:term":[{"taxonomy":"folder","embeddable":true,"href":"https:\/\/www.sukain.be\/secondaire\/wp-json\/wp\/v2\/folder?post=593"}],"curies":[{"name":"wp","href":"https:\/\/api.w.org\/{rel}","templated":true}]}}