{"id":5351,"date":"2020-06-28T17:08:49","date_gmt":"2020-06-28T15:08:49","guid":{"rendered":"http:\/\/www.sukain.be\/secondaire\/?page_id=5351"},"modified":"2025-07-06T16:04:36","modified_gmt":"2025-07-06T14:04:36","slug":"manuels-scolaire","status":"publish","type":"page","link":"https:\/\/www.sukain.be\/secondaire\/manuels-scolaire\/","title":{"rendered":"Manuels scolaires"},"content":{"rendered":"\n<p>Nous collaborons avec&nbsp;<strong>Rentabook&nbsp;<\/strong>. Tous les manuels doivent \u00eatre command\u00e9s par vos soins via la plateforme avant la rentr\u00e9e scolaire.<\/p>\n\n\n\n<p>Rentabook est sp\u00e9cialis\u00e9e dans la location et la vente de manuels scolaires pour les \u00e9l\u00e8ves du secondaire et nous vous en&nbsp;<strong>proposons<\/strong>&nbsp;les services via le site&nbsp;<a href=\"https:\/\/www.rentabook.be\/\" target=\"_blank\" rel=\"noreferrer noopener\">www.rentabook.be<\/a>.<\/p>\n\n\n\n<figure class=\"wp-block-image\"><img decoding=\"async\" src=\"https:\/\/sukain.smartschool.be\/public\/sukain\/Images\/image.png\/unique_id\/0xwv3uq35f_1751709604303\" alt=\"\"\/><\/figure>\n\n\n\n<p>Nous insistons cependant sur le fait que les manuels scolaires peuvent toujours \u00eatre command\u00e9s aupr\u00e8s du fournisseur de votre choix.<\/p>\n\n\n\n<p>&nbsp;Rentabook \u2013 rue Ilya Prigogine 1 \u2013 7850 Enghien \u2013&nbsp;<a href=\"http:\/\/www.rentabook.be\/\" target=\"_blank\" rel=\"noreferrer noopener\">www.rentabook.be<\/a>&nbsp;\u2013&nbsp;<a href=\"mailto:info@rentabook.be\" target=\"_blank\" rel=\"noreferrer noopener\">info@rentabook.be<\/a>&nbsp;\u2013 02 397 98 90<\/p>\n","protected":false},"excerpt":{"rendered":"<p>Nous collaborons avec&nbsp;Rentabook&nbsp;. Tous les manuels doivent \u00eatre command\u00e9s par vos soins via la plateforme avant la rentr\u00e9e scolaire. Rentabook est sp\u00e9cialis\u00e9e dans la location et la vente de manuels scolaires pour les \u00e9l\u00e8ves du secondaire et nous vous en&nbsp;proposons&nbsp;les<\/p>\n","protected":false},"author":90,"featured_media":0,"parent":0,"menu_order":0,"comment_status":"closed","ping_status":"closed","template":"","meta":{"footnotes":""},"folder":[],"yoast_head":"<!-- This site is optimized with the Yoast SEO plugin v20.0 - https:\/\/yoast.com\/wordpress\/plugins\/seo\/ -->\n<title>Manuels scolaires - \u00c9cole secondaire de la Sainte-Union de Kain (Tournai)<\/title>\n<meta name=\"robots\" content=\"index, follow, max-snippet:-1, max-image-preview:large, max-video-preview:-1\" \/>\n<link rel=\"canonical\" href=\"https:\/\/www.sukain.be\/secondaire\/manuels-scolaire\/\" \/>\n<meta property=\"og:locale\" content=\"fr_FR\" \/>\n<meta property=\"og:type\" content=\"article\" \/>\n<meta property=\"og:title\" content=\"Manuels scolaires - \u00c9cole secondaire de la Sainte-Union de Kain (Tournai)\" \/>\n<meta property=\"og:description\" content=\"Nous collaborons avec&nbsp;Rentabook&nbsp;. Tous les manuels doivent \u00eatre command\u00e9s par vos soins via la plateforme avant la rentr\u00e9e scolaire. Rentabook est sp\u00e9cialis\u00e9e dans la location et la vente de manuels scolaires pour les \u00e9l\u00e8ves du secondaire et nous vous en&nbsp;proposons&nbsp;les\" \/>\n<meta property=\"og:url\" content=\"https:\/\/www.sukain.be\/secondaire\/manuels-scolaire\/\" \/>\n<meta property=\"og:site_name\" content=\"\u00c9cole secondaire de la Sainte-Union de Kain (Tournai)\" \/>\n<meta property=\"article:modified_time\" content=\"2025-07-06T14:04:36+00:00\" \/>\n<meta property=\"og:image\" content=\"https:\/\/sukain.smartschool.be\/public\/sukain\/Images\/image.png\/unique_id\/0xwv3uq35f_1751709604303\" \/>\n<meta name=\"twitter:label1\" content=\"Dur\u00e9e de lecture estim\u00e9e\" \/>\n\t<meta name=\"twitter:data1\" content=\"1 minute\" \/>\n<script type=\"application\/ld+json\" class=\"yoast-schema-graph\">{\"@context\":\"https:\/\/schema.org\",\"@graph\":[{\"@type\":\"WebPage\",\"@id\":\"https:\/\/www.sukain.be\/secondaire\/manuels-scolaire\/\",\"url\":\"https:\/\/www.sukain.be\/secondaire\/manuels-scolaire\/\",\"name\":\"Manuels scolaires - \u00c9cole secondaire de la Sainte-Union de Kain (Tournai)\",\"isPartOf\":{\"@id\":\"https:\/\/www.sukain.be\/secondaire\/#website\"},\"datePublished\":\"2020-06-28T15:08:49+00:00\",\"dateModified\":\"2025-07-06T14:04:36+00:00\",\"breadcrumb\":{\"@id\":\"https:\/\/www.sukain.be\/secondaire\/manuels-scolaire\/#breadcrumb\"},\"inLanguage\":\"fr-FR\",\"potentialAction\":[{\"@type\":\"ReadAction\",\"target\":[\"https:\/\/www.sukain.be\/secondaire\/manuels-scolaire\/\"]}]},{\"@type\":\"BreadcrumbList\",\"@id\":\"https:\/\/www.sukain.be\/secondaire\/manuels-scolaire\/#breadcrumb\",\"itemListElement\":[{\"@type\":\"ListItem\",\"position\":1,\"name\":\"Accueil\",\"item\":\"https:\/\/www.sukain.be\/secondaire\/\"},{\"@type\":\"ListItem\",\"position\":2,\"name\":\"Manuels scolaires\"}]},{\"@type\":\"WebSite\",\"@id\":\"https:\/\/www.sukain.be\/secondaire\/#website\",\"url\":\"https:\/\/www.sukain.be\/secondaire\/\",\"name\":\"\u00c9cole secondaire de la Sainte-Union de Kain (Tournai)\",\"description\":\"Ton avenir entre tes mains\",\"potentialAction\":[{\"@type\":\"SearchAction\",\"target\":{\"@type\":\"EntryPoint\",\"urlTemplate\":\"https:\/\/www.sukain.be\/secondaire\/?s={search_term_string}\"},\"query-input\":\"required name=search_term_string\"}],\"inLanguage\":\"fr-FR\"}]}<\/script>\n<!-- \/ Yoast SEO plugin. -->","yoast_head_json":{"title":"Manuels scolaires - \u00c9cole secondaire de la Sainte-Union de Kain (Tournai)","robots":{"index":"index","follow":"follow","max-snippet":"max-snippet:-1","max-image-preview":"max-image-preview:large","max-video-preview":"max-video-preview:-1"},"canonical":"https:\/\/www.sukain.be\/secondaire\/manuels-scolaire\/","og_locale":"fr_FR","og_type":"article","og_title":"Manuels scolaires - \u00c9cole secondaire de la Sainte-Union de Kain (Tournai)","og_description":"Nous collaborons avec&nbsp;Rentabook&nbsp;. Tous les manuels doivent \u00eatre command\u00e9s par vos soins via la plateforme avant la rentr\u00e9e scolaire. Rentabook est sp\u00e9cialis\u00e9e dans la location et la vente de manuels scolaires pour les \u00e9l\u00e8ves du secondaire et nous vous en&nbsp;proposons&nbsp;les","og_url":"https:\/\/www.sukain.be\/secondaire\/manuels-scolaire\/","og_site_name":"\u00c9cole secondaire de la Sainte-Union de Kain (Tournai)","article_modified_time":"2025-07-06T14:04:36+00:00","og_image":[{"url":"https:\/\/sukain.smartschool.be\/public\/sukain\/Images\/image.png\/unique_id\/0xwv3uq35f_1751709604303"}],"twitter_misc":{"Dur\u00e9e de lecture estim\u00e9e":"1 minute"},"schema":{"@context":"https:\/\/schema.org","@graph":[{"@type":"WebPage","@id":"https:\/\/www.sukain.be\/secondaire\/manuels-scolaire\/","url":"https:\/\/www.sukain.be\/secondaire\/manuels-scolaire\/","name":"Manuels scolaires - \u00c9cole secondaire de la Sainte-Union de Kain (Tournai)","isPartOf":{"@id":"https:\/\/www.sukain.be\/secondaire\/#website"},"datePublished":"2020-06-28T15:08:49+00:00","dateModified":"2025-07-06T14:04:36+00:00","breadcrumb":{"@id":"https:\/\/www.sukain.be\/secondaire\/manuels-scolaire\/#breadcrumb"},"inLanguage":"fr-FR","potentialAction":[{"@type":"ReadAction","target":["https:\/\/www.sukain.be\/secondaire\/manuels-scolaire\/"]}]},{"@type":"BreadcrumbList","@id":"https:\/\/www.sukain.be\/secondaire\/manuels-scolaire\/#breadcrumb","itemListElement":[{"@type":"ListItem","position":1,"name":"Accueil","item":"https:\/\/www.sukain.be\/secondaire\/"},{"@type":"ListItem","position":2,"name":"Manuels scolaires"}]},{"@type":"WebSite","@id":"https:\/\/www.sukain.be\/secondaire\/#website","url":"https:\/\/www.sukain.be\/secondaire\/","name":"\u00c9cole secondaire de la Sainte-Union de Kain (Tournai)","description":"Ton avenir entre tes mains","potentialAction":[{"@type":"SearchAction","target":{"@type":"EntryPoint","urlTemplate":"https:\/\/www.sukain.be\/secondaire\/?s={search_term_string}"},"query-input":"required name=search_term_string"}],"inLanguage":"fr-FR"}]}},"_links":{"self":[{"href":"https:\/\/www.sukain.be\/secondaire\/wp-json\/wp\/v2\/pages\/5351"}],"collection":[{"href":"https:\/\/www.sukain.be\/secondaire\/wp-json\/wp\/v2\/pages"}],"about":[{"href":"https:\/\/www.sukain.be\/secondaire\/wp-json\/wp\/v2\/types\/page"}],"author":[{"embeddable":true,"href":"https:\/\/www.sukain.be\/secondaire\/wp-json\/wp\/v2\/users\/90"}],"replies":[{"embeddable":true,"href":"https:\/\/www.sukain.be\/secondaire\/wp-json\/wp\/v2\/comments?post=5351"}],"version-history":[{"count":1,"href":"https:\/\/www.sukain.be\/secondaire\/wp-json\/wp\/v2\/pages\/5351\/revisions"}],"predecessor-version":[{"id":8244,"href":"https:\/\/www.sukain.be\/secondaire\/wp-json\/wp\/v2\/pages\/5351\/revisions\/8244"}],"wp:attachment":[{"href":"https:\/\/www.sukain.be\/secondaire\/wp-json\/wp\/v2\/media?parent=5351"}],"wp:term":[{"taxonomy":"folder","embeddable":true,"href":"https:\/\/www.sukain.be\/secondaire\/wp-json\/wp\/v2\/folder?post=5351"}],"curies":[{"name":"wp","href":"https:\/\/api.w.org\/{rel}","templated":true}]}}