{"id":33,"date":"2014-01-09T21:37:49","date_gmt":"2014-01-09T20:37:49","guid":{"rendered":"http:\/\/www.sukain.com\/secondaire\/?page_id=33"},"modified":"2021-02-27T18:34:14","modified_gmt":"2021-02-27T16:34:14","slug":"le-troisieme-degre-general","status":"publish","type":"page","link":"https:\/\/www.sukain.be\/secondaire\/notre-offre-d_enseignement\/le-troisieme-degre-general\/","title":{"rendered":"Le troisi\u00e8me degr\u00e9"},"content":{"rendered":"","protected":false},"excerpt":{"rendered":"","protected":false},"author":3,"featured_media":0,"parent":10,"menu_order":400,"comment_status":"closed","ping_status":"open","template":"","meta":{"footnotes":""},"folder":[],"yoast_head":"<!-- This site is optimized with the Yoast SEO plugin v20.0 - https:\/\/yoast.com\/wordpress\/plugins\/seo\/ -->\n<title>Le troisi\u00e8me degr\u00e9 - \u00c9cole secondaire de la Sainte-Union de Kain (Tournai)<\/title>\n<meta name=\"robots\" content=\"index, follow, max-snippet:-1, max-image-preview:large, max-video-preview:-1\" \/>\n<link rel=\"canonical\" href=\"https:\/\/www.sukain.be\/secondaire\/notre-offre-d_enseignement\/le-troisieme-degre-general\/\" \/>\n<meta property=\"og:locale\" content=\"fr_FR\" \/>\n<meta property=\"og:type\" content=\"article\" \/>\n<meta property=\"og:title\" content=\"Le troisi\u00e8me degr\u00e9 - \u00c9cole secondaire de la Sainte-Union de Kain (Tournai)\" \/>\n<meta property=\"og:url\" content=\"https:\/\/www.sukain.be\/secondaire\/notre-offre-d_enseignement\/le-troisieme-degre-general\/\" \/>\n<meta property=\"og:site_name\" content=\"\u00c9cole secondaire de la Sainte-Union de Kain (Tournai)\" \/>\n<meta property=\"article:modified_time\" content=\"2021-02-27T16:34:14+00:00\" \/>\n<script type=\"application\/ld+json\" class=\"yoast-schema-graph\">{\"@context\":\"https:\/\/schema.org\",\"@graph\":[{\"@type\":\"WebPage\",\"@id\":\"https:\/\/www.sukain.be\/secondaire\/notre-offre-d_enseignement\/le-troisieme-degre-general\/\",\"url\":\"https:\/\/www.sukain.be\/secondaire\/notre-offre-d_enseignement\/le-troisieme-degre-general\/\",\"name\":\"Le troisi\u00e8me degr\u00e9 - \u00c9cole secondaire de la Sainte-Union de Kain (Tournai)\",\"isPartOf\":{\"@id\":\"https:\/\/www.sukain.be\/secondaire\/#website\"},\"datePublished\":\"2014-01-09T20:37:49+00:00\",\"dateModified\":\"2021-02-27T16:34:14+00:00\",\"breadcrumb\":{\"@id\":\"https:\/\/www.sukain.be\/secondaire\/notre-offre-d_enseignement\/le-troisieme-degre-general\/#breadcrumb\"},\"inLanguage\":\"fr-FR\",\"potentialAction\":[{\"@type\":\"ReadAction\",\"target\":[\"https:\/\/www.sukain.be\/secondaire\/notre-offre-d_enseignement\/le-troisieme-degre-general\/\"]}]},{\"@type\":\"BreadcrumbList\",\"@id\":\"https:\/\/www.sukain.be\/secondaire\/notre-offre-d_enseignement\/le-troisieme-degre-general\/#breadcrumb\",\"itemListElement\":[{\"@type\":\"ListItem\",\"position\":1,\"name\":\"Accueil\",\"item\":\"https:\/\/www.sukain.be\/secondaire\/\"},{\"@type\":\"ListItem\",\"position\":2,\"name\":\"Notre offre d&rsquo;enseignement\",\"item\":\"https:\/\/www.sukain.be\/secondaire\/notre-offre-d_enseignement\/\"},{\"@type\":\"ListItem\",\"position\":3,\"name\":\"Le troisi\u00e8me degr\u00e9\"}]},{\"@type\":\"WebSite\",\"@id\":\"https:\/\/www.sukain.be\/secondaire\/#website\",\"url\":\"https:\/\/www.sukain.be\/secondaire\/\",\"name\":\"\u00c9cole secondaire de la Sainte-Union de Kain (Tournai)\",\"description\":\"Ton avenir entre tes mains\",\"potentialAction\":[{\"@type\":\"SearchAction\",\"target\":{\"@type\":\"EntryPoint\",\"urlTemplate\":\"https:\/\/www.sukain.be\/secondaire\/?s={search_term_string}\"},\"query-input\":\"required name=search_term_string\"}],\"inLanguage\":\"fr-FR\"}]}<\/script>\n<!-- \/ Yoast SEO plugin. -->","yoast_head_json":{"title":"Le troisi\u00e8me degr\u00e9 - \u00c9cole secondaire de la Sainte-Union de Kain (Tournai)","robots":{"index":"index","follow":"follow","max-snippet":"max-snippet:-1","max-image-preview":"max-image-preview:large","max-video-preview":"max-video-preview:-1"},"canonical":"https:\/\/www.sukain.be\/secondaire\/notre-offre-d_enseignement\/le-troisieme-degre-general\/","og_locale":"fr_FR","og_type":"article","og_title":"Le troisi\u00e8me degr\u00e9 - \u00c9cole secondaire de la Sainte-Union de Kain (Tournai)","og_url":"https:\/\/www.sukain.be\/secondaire\/notre-offre-d_enseignement\/le-troisieme-degre-general\/","og_site_name":"\u00c9cole secondaire de la Sainte-Union de Kain (Tournai)","article_modified_time":"2021-02-27T16:34:14+00:00","schema":{"@context":"https:\/\/schema.org","@graph":[{"@type":"WebPage","@id":"https:\/\/www.sukain.be\/secondaire\/notre-offre-d_enseignement\/le-troisieme-degre-general\/","url":"https:\/\/www.sukain.be\/secondaire\/notre-offre-d_enseignement\/le-troisieme-degre-general\/","name":"Le troisi\u00e8me degr\u00e9 - \u00c9cole secondaire de la Sainte-Union de Kain (Tournai)","isPartOf":{"@id":"https:\/\/www.sukain.be\/secondaire\/#website"},"datePublished":"2014-01-09T20:37:49+00:00","dateModified":"2021-02-27T16:34:14+00:00","breadcrumb":{"@id":"https:\/\/www.sukain.be\/secondaire\/notre-offre-d_enseignement\/le-troisieme-degre-general\/#breadcrumb"},"inLanguage":"fr-FR","potentialAction":[{"@type":"ReadAction","target":["https:\/\/www.sukain.be\/secondaire\/notre-offre-d_enseignement\/le-troisieme-degre-general\/"]}]},{"@type":"BreadcrumbList","@id":"https:\/\/www.sukain.be\/secondaire\/notre-offre-d_enseignement\/le-troisieme-degre-general\/#breadcrumb","itemListElement":[{"@type":"ListItem","position":1,"name":"Accueil","item":"https:\/\/www.sukain.be\/secondaire\/"},{"@type":"ListItem","position":2,"name":"Notre offre d&rsquo;enseignement","item":"https:\/\/www.sukain.be\/secondaire\/notre-offre-d_enseignement\/"},{"@type":"ListItem","position":3,"name":"Le troisi\u00e8me degr\u00e9"}]},{"@type":"WebSite","@id":"https:\/\/www.sukain.be\/secondaire\/#website","url":"https:\/\/www.sukain.be\/secondaire\/","name":"\u00c9cole secondaire de la Sainte-Union de Kain (Tournai)","description":"Ton avenir entre tes mains","potentialAction":[{"@type":"SearchAction","target":{"@type":"EntryPoint","urlTemplate":"https:\/\/www.sukain.be\/secondaire\/?s={search_term_string}"},"query-input":"required name=search_term_string"}],"inLanguage":"fr-FR"}]}},"_links":{"self":[{"href":"https:\/\/www.sukain.be\/secondaire\/wp-json\/wp\/v2\/pages\/33"}],"collection":[{"href":"https:\/\/www.sukain.be\/secondaire\/wp-json\/wp\/v2\/pages"}],"about":[{"href":"https:\/\/www.sukain.be\/secondaire\/wp-json\/wp\/v2\/types\/page"}],"author":[{"embeddable":true,"href":"https:\/\/www.sukain.be\/secondaire\/wp-json\/wp\/v2\/users\/3"}],"replies":[{"embeddable":true,"href":"https:\/\/www.sukain.be\/secondaire\/wp-json\/wp\/v2\/comments?post=33"}],"version-history":[{"count":0,"href":"https:\/\/www.sukain.be\/secondaire\/wp-json\/wp\/v2\/pages\/33\/revisions"}],"up":[{"embeddable":true,"href":"https:\/\/www.sukain.be\/secondaire\/wp-json\/wp\/v2\/pages\/10"}],"wp:attachment":[{"href":"https:\/\/www.sukain.be\/secondaire\/wp-json\/wp\/v2\/media?parent=33"}],"wp:term":[{"taxonomy":"folder","embeddable":true,"href":"https:\/\/www.sukain.be\/secondaire\/wp-json\/wp\/v2\/folder?post=33"}],"curies":[{"name":"wp","href":"https:\/\/api.w.org\/{rel}","templated":true}]}}