{"id":1620,"date":"2023-05-23T10:54:20","date_gmt":"2023-05-23T08:54:20","guid":{"rendered":"https:\/\/www.sukain.be\/fondamental\/?page_id=1620"},"modified":"2025-07-06T20:28:14","modified_gmt":"2025-07-06T18:28:14","slug":"ecole-maternelle","status":"publish","type":"page","link":"https:\/\/www.sukain.be\/fondamental\/ecole-maternelle\/","title":{"rendered":"Section maternelle"},"content":{"rendered":"\n<p>L\u2019\u00e9l\u00e8ve de <strong>section maternelle<\/strong> fr\u00e9quente les cours le plus r\u00e9guli\u00e8rement possible, en respectant l\u2019horaire.<\/p>\n\n\n\n<p>Ouverture de l\u2019\u00e9cole : garderie \u00e0 partir de 7h00<\/p>\n\n\n\n<p>D\u00e9but des cours (matin\u00e9e) : 8h30<\/p>\n\n\n\n<p>R\u00e9cr\u00e9ation : de 10h10 \u00e0 10h30<\/p>\n\n\n\n<p>Fin des cours : 12h10<\/p>\n\n\n\n<p>D\u00e9but des cours (apr\u00e8s-midi) : 13h30<\/p>\n\n\n\n<p>R\u00e9cr\u00e9ation : 15h10 \u00e0 15h30<\/p>\n\n\n\n<p>Fin des cours : 15h30<\/p>\n\n\n\n<p>Garderie jusque : 18h00<\/p>\n\n\n\n<figure><a href=\"http:\/\/www.sukain.be\/fondamental\/wp-content\/uploads\/2023\/05\/Folder-petite-ecole-verso-722x1024-1.jpg\"><img src=\"http:\/\/www.sukain.be\/fondamental\/wp-content\/uploads\/2023\/05\/Folder-petite-ecole-verso-722x1024-1.jpg\" alt=\"\"\/><\/a><\/figure>\n","protected":false},"excerpt":{"rendered":"<p>L\u2019\u00e9l\u00e8ve de section maternelle fr\u00e9quente les cours le plus r\u00e9guli\u00e8rement possible, en respectant l\u2019horaire. Ouverture de l\u2019\u00e9cole : garderie \u00e0 partir de 7h00 D\u00e9but des cours (matin\u00e9e) : 8h30 R\u00e9cr\u00e9ation : de 10h10 \u00e0 10h30 Fin des cours : 12h10<\/p>\n","protected":false},"author":5,"featured_media":0,"parent":0,"menu_order":0,"comment_status":"closed","ping_status":"closed","template":"","meta":[],"_links":{"self":[{"href":"https:\/\/www.sukain.be\/fondamental\/wp-json\/wp\/v2\/pages\/1620"}],"collection":[{"href":"https:\/\/www.sukain.be\/fondamental\/wp-json\/wp\/v2\/pages"}],"about":[{"href":"https:\/\/www.sukain.be\/fondamental\/wp-json\/wp\/v2\/types\/page"}],"author":[{"embeddable":true,"href":"https:\/\/www.sukain.be\/fondamental\/wp-json\/wp\/v2\/users\/5"}],"replies":[{"embeddable":true,"href":"https:\/\/www.sukain.be\/fondamental\/wp-json\/wp\/v2\/comments?post=1620"}],"version-history":[{"count":13,"href":"https:\/\/www.sukain.be\/fondamental\/wp-json\/wp\/v2\/pages\/1620\/revisions"}],"predecessor-version":[{"id":1680,"href":"https:\/\/www.sukain.be\/fondamental\/wp-json\/wp\/v2\/pages\/1620\/revisions\/1680"}],"wp:attachment":[{"href":"https:\/\/www.sukain.be\/fondamental\/wp-json\/wp\/v2\/media?parent=1620"}],"curies":[{"name":"wp","href":"https:\/\/api.w.org\/{rel}","templated":true}]}}