{"id":123,"date":"2012-11-07T09:20:15","date_gmt":"2012-11-07T08:20:15","guid":{"rendered":"http:\/\/www.sukain.com\/fondamental\/?page_id=123"},"modified":"2022-02-12T23:13:36","modified_gmt":"2022-02-12T22:13:36","slug":"les-enseignants-particuliers","status":"publish","type":"page","link":"https:\/\/www.sukain.be\/fondamental\/les-acteurs\/les-enseignants-particuliers\/","title":{"rendered":"Les enseignants particuliers"},"content":{"rendered":"\n<h4 class=\"has-regular-font-size\"><strong>Madame Marine, \u00e9ducatrice \u00e0 l&#8217;\u00e9cole maternelle<\/strong><\/h4>\n\n\n\n<figure class=\"wp-block-image size-large is-resized\"><img loading=\"lazy\" src=\"https:\/\/www.sukain.be\/fondamental\/wp-content\/uploads\/2022\/01\/K1509-8-347_00339-683x1024.jpg\" alt=\"\" class=\"wp-image-1292\" width=\"171\" height=\"256\" srcset=\"https:\/\/www.sukain.be\/fondamental\/wp-content\/uploads\/2022\/01\/K1509-8-347_00339-683x1024.jpg 683w, https:\/\/www.sukain.be\/fondamental\/wp-content\/uploads\/2022\/01\/K1509-8-347_00339-200x300.jpg 200w, https:\/\/www.sukain.be\/fondamental\/wp-content\/uploads\/2022\/01\/K1509-8-347_00339-768x1151.jpg 768w, https:\/\/www.sukain.be\/fondamental\/wp-content\/uploads\/2022\/01\/K1509-8-347_00339-1025x1536.jpg 1025w, https:\/\/www.sukain.be\/fondamental\/wp-content\/uploads\/2022\/01\/K1509-8-347_00339-750x1124.jpg 750w, https:\/\/www.sukain.be\/fondamental\/wp-content\/uploads\/2022\/01\/K1509-8-347_00339.jpg 1228w\" sizes=\"(max-width: 171px) 100vw, 171px\" \/><\/figure>\n\n\n\n<h4 class=\"has-regular-font-size\"><strong>Madame Marie-Paule, \u00e0 l&#8217;\u00e9cole maternelle<\/strong><\/h4>\n\n\n\n<figure class=\"wp-block-image is-resized\"><a href=\"http:\/\/www.sukain.be\/fondamental\/wp-content\/uploads\/2012\/11\/M-P.jpg\"><img loading=\"lazy\" src=\"http:\/\/www.sukain.be\/fondamental\/wp-content\/uploads\/2012\/11\/M-P-300x225.jpg\" alt=\"M-P\" class=\"wp-image-1239\" width=\"300\" height=\"225\" srcset=\"https:\/\/www.sukain.be\/fondamental\/wp-content\/uploads\/2012\/11\/M-P-300x225.jpg 300w, https:\/\/www.sukain.be\/fondamental\/wp-content\/uploads\/2012\/11\/M-P.jpg 761w\" sizes=\"(max-width: 300px) 100vw, 300px\" \/><\/a><\/figure>\n\n\n\n<p><strong>Madame Marie-Charlotte, pu\u00e9ricultrice \u00e0 l&#8217;\u00e9cole maternelle<\/strong><\/p>\n\n\n\n<figure class=\"wp-block-image size-large is-resized\"><a href=\"https:\/\/www.sukain.be\/fondamental\/wp-content\/uploads\/2022\/02\/K1509-8-347_00223.jpg\"><img loading=\"lazy\" src=\"https:\/\/www.sukain.be\/fondamental\/wp-content\/uploads\/2022\/02\/K1509-8-347_00223-683x1024.jpg\" alt=\"\" class=\"wp-image-1423\" width=\"171\" height=\"256\" srcset=\"https:\/\/www.sukain.be\/fondamental\/wp-content\/uploads\/2022\/02\/K1509-8-347_00223-683x1024.jpg 683w, https:\/\/www.sukain.be\/fondamental\/wp-content\/uploads\/2022\/02\/K1509-8-347_00223-200x300.jpg 200w, https:\/\/www.sukain.be\/fondamental\/wp-content\/uploads\/2022\/02\/K1509-8-347_00223-768x1151.jpg 768w, https:\/\/www.sukain.be\/fondamental\/wp-content\/uploads\/2022\/02\/K1509-8-347_00223-1025x1536.jpg 1025w, https:\/\/www.sukain.be\/fondamental\/wp-content\/uploads\/2022\/02\/K1509-8-347_00223.jpg 1228w\" sizes=\"(max-width: 171px) 100vw, 171px\" \/><\/a><\/figure>\n\n\n\n<p><strong>Madame Magali, pu\u00e9ricultrice \u00e0 l&#8217;\u00e9cole maternelle<\/strong><\/p>\n\n\n\n<figure class=\"wp-block-image\"><img alt=\"\"\/><\/figure>\n\n\n\n<h4 class=\"has-regular-font-size\"><strong>Monsieur Denis, psychomotricien \u00e0 l&#8217;\u00e9cole maternelle<\/strong><\/h4>\n\n\n\n<figure class=\"wp-block-image size-large is-resized\"><img loading=\"lazy\" src=\"http:\/\/www.sukain.be\/fondamental\/wp-content\/uploads\/2022\/01\/K1509-8-347_00314-683x1024.jpg\" alt=\"\" class=\"wp-image-1294\" width=\"171\" height=\"256\" srcset=\"https:\/\/www.sukain.be\/fondamental\/wp-content\/uploads\/2022\/01\/K1509-8-347_00314-683x1024.jpg 683w, https:\/\/www.sukain.be\/fondamental\/wp-content\/uploads\/2022\/01\/K1509-8-347_00314-200x300.jpg 200w, https:\/\/www.sukain.be\/fondamental\/wp-content\/uploads\/2022\/01\/K1509-8-347_00314-768x1151.jpg 768w, https:\/\/www.sukain.be\/fondamental\/wp-content\/uploads\/2022\/01\/K1509-8-347_00314-1025x1536.jpg 1025w, https:\/\/www.sukain.be\/fondamental\/wp-content\/uploads\/2022\/01\/K1509-8-347_00314-750x1124.jpg 750w, https:\/\/www.sukain.be\/fondamental\/wp-content\/uploads\/2022\/01\/K1509-8-347_00314.jpg 1228w\" sizes=\"(max-width: 171px) 100vw, 171px\" \/><\/figure>\n\n\n\n<h2 class=\"has-regular-font-size\"><strong>Monsieur Louis, psychomotricien \u00e0 l&#8217;\u00e9cole maternelle<\/strong><\/h2>\n\n\n\n<figure class=\"wp-block-image size-large is-resized\"><a href=\"http:\/\/www.sukain.be\/fondamental\/wp-content\/uploads\/2022\/01\/K1509-8-347_00338.jpg\"><img loading=\"lazy\" src=\"http:\/\/www.sukain.be\/fondamental\/wp-content\/uploads\/2022\/01\/K1509-8-347_00338-683x1024.jpg\" alt=\"\" class=\"wp-image-1298\" width=\"171\" height=\"256\" srcset=\"https:\/\/www.sukain.be\/fondamental\/wp-content\/uploads\/2022\/01\/K1509-8-347_00338-683x1024.jpg 683w, https:\/\/www.sukain.be\/fondamental\/wp-content\/uploads\/2022\/01\/K1509-8-347_00338-200x300.jpg 200w, https:\/\/www.sukain.be\/fondamental\/wp-content\/uploads\/2022\/01\/K1509-8-347_00338-768x1151.jpg 768w, https:\/\/www.sukain.be\/fondamental\/wp-content\/uploads\/2022\/01\/K1509-8-347_00338-1025x1536.jpg 1025w, https:\/\/www.sukain.be\/fondamental\/wp-content\/uploads\/2022\/01\/K1509-8-347_00338-750x1124.jpg 750w, https:\/\/www.sukain.be\/fondamental\/wp-content\/uploads\/2022\/01\/K1509-8-347_00338.jpg 1228w\" sizes=\"(max-width: 171px) 100vw, 171px\" \/><\/a><\/figure>\n\n\n\n<h4 class=\"has-regular-font-size\"><strong>Monsieur J\u00e9r\u00e9mie, professeur d&#8217;\u00e9ducation physique \u00e0 l&#8217;\u00e9cole primaire<\/strong><\/h4>\n\n\n\n<figure class=\"wp-block-image size-large is-resized\"><img loading=\"lazy\" src=\"http:\/\/www.sukain.be\/fondamental\/wp-content\/uploads\/2022\/01\/K1509-8-347_00343-683x1024.jpg\" alt=\"\" class=\"wp-image-1295\" width=\"171\" height=\"256\" title=\"P1060194\" srcset=\"https:\/\/www.sukain.be\/fondamental\/wp-content\/uploads\/2022\/01\/K1509-8-347_00343-683x1024.jpg 683w, https:\/\/www.sukain.be\/fondamental\/wp-content\/uploads\/2022\/01\/K1509-8-347_00343-200x300.jpg 200w, https:\/\/www.sukain.be\/fondamental\/wp-content\/uploads\/2022\/01\/K1509-8-347_00343-768x1151.jpg 768w, https:\/\/www.sukain.be\/fondamental\/wp-content\/uploads\/2022\/01\/K1509-8-347_00343-1025x1536.jpg 1025w, https:\/\/www.sukain.be\/fondamental\/wp-content\/uploads\/2022\/01\/K1509-8-347_00343-750x1124.jpg 750w, https:\/\/www.sukain.be\/fondamental\/wp-content\/uploads\/2022\/01\/K1509-8-347_00343.jpg 1228w\" sizes=\"(max-width: 171px) 100vw, 171px\" \/><\/figure>\n\n\n\n<h4 class=\"has-regular-font-size\"><strong>Monsieur J\u00e9r\u00e9my, professeur d&#8217;\u00e9ducation physique \u00e0 l&#8217;\u00e9cole primaire<\/strong><\/h4>\n\n\n\n<figure class=\"wp-block-image\"><img alt=\"\"\/><\/figure>\n\n\n\n<h4 class=\"has-regular-font-size\"><strong>Madame Elody, institutrice primaire pour le cours de Lire, Ecrire, Cr\u00e9er de la 1\u00e8re \u00e0 la 6\u00e8me primaire<\/strong><\/h4>\n\n\n\n<figure class=\"wp-block-image size-large is-resized\"><a href=\"http:\/\/www.sukain.be\/fondamental\/wp-content\/uploads\/2022\/01\/K1509-8-347_00199.jpg\"><img loading=\"lazy\" src=\"http:\/\/www.sukain.be\/fondamental\/wp-content\/uploads\/2022\/01\/K1509-8-347_00199-683x1024.jpg\" alt=\"\" class=\"wp-image-1297\" width=\"171\" height=\"256\" srcset=\"https:\/\/www.sukain.be\/fondamental\/wp-content\/uploads\/2022\/01\/K1509-8-347_00199-683x1024.jpg 683w, https:\/\/www.sukain.be\/fondamental\/wp-content\/uploads\/2022\/01\/K1509-8-347_00199-200x300.jpg 200w, https:\/\/www.sukain.be\/fondamental\/wp-content\/uploads\/2022\/01\/K1509-8-347_00199-768x1151.jpg 768w, https:\/\/www.sukain.be\/fondamental\/wp-content\/uploads\/2022\/01\/K1509-8-347_00199-1025x1536.jpg 1025w, https:\/\/www.sukain.be\/fondamental\/wp-content\/uploads\/2022\/01\/K1509-8-347_00199-750x1124.jpg 750w, https:\/\/www.sukain.be\/fondamental\/wp-content\/uploads\/2022\/01\/K1509-8-347_00199.jpg 1228w\" sizes=\"(max-width: 171px) 100vw, 171px\" \/><\/a><\/figure>\n\n\n\n<h4 class=\"has-regular-font-size\"><strong>Madame Evelyne, professeur de n\u00e9erlandais en 5\u00e8me et 6\u00e8me primaire<\/strong><\/h4>\n\n\n\n<figure class=\"wp-block-image size-large is-resized\"><img loading=\"lazy\" src=\"http:\/\/www.sukain.be\/fondamental\/wp-content\/uploads\/2022\/01\/K1509-8-347_00005-683x1024.jpg\" alt=\"\" class=\"wp-image-1296\" width=\"171\" height=\"256\" title=\"P1060044\" srcset=\"https:\/\/www.sukain.be\/fondamental\/wp-content\/uploads\/2022\/01\/K1509-8-347_00005-683x1024.jpg 683w, https:\/\/www.sukain.be\/fondamental\/wp-content\/uploads\/2022\/01\/K1509-8-347_00005-200x300.jpg 200w, https:\/\/www.sukain.be\/fondamental\/wp-content\/uploads\/2022\/01\/K1509-8-347_00005-768x1151.jpg 768w, https:\/\/www.sukain.be\/fondamental\/wp-content\/uploads\/2022\/01\/K1509-8-347_00005-1025x1536.jpg 1025w, https:\/\/www.sukain.be\/fondamental\/wp-content\/uploads\/2022\/01\/K1509-8-347_00005-750x1124.jpg 750w, https:\/\/www.sukain.be\/fondamental\/wp-content\/uploads\/2022\/01\/K1509-8-347_00005.jpg 1228w\" sizes=\"(max-width: 171px) 100vw, 171px\" \/><\/figure>\n","protected":false},"excerpt":{"rendered":"<p>Madame Marine, \u00e9ducatrice \u00e0 l&#8217;\u00e9cole maternelle Madame Marie-Paule, \u00e0 l&#8217;\u00e9cole maternelle Madame Marie-Charlotte, pu\u00e9ricultrice \u00e0 l&#8217;\u00e9cole maternelle Madame Magali, pu\u00e9ricultrice \u00e0 l&#8217;\u00e9cole maternelle Monsieur Denis, psychomotricien \u00e0 l&#8217;\u00e9cole maternelle Monsieur Louis, psychomotricien \u00e0 l&#8217;\u00e9cole maternelle Monsieur J\u00e9r\u00e9mie, professeur d&#8217;\u00e9ducation physique<\/p>\n","protected":false},"author":3,"featured_media":0,"parent":1287,"menu_order":4,"comment_status":"closed","ping_status":"closed","template":"","meta":[],"_links":{"self":[{"href":"https:\/\/www.sukain.be\/fondamental\/wp-json\/wp\/v2\/pages\/123"}],"collection":[{"href":"https:\/\/www.sukain.be\/fondamental\/wp-json\/wp\/v2\/pages"}],"about":[{"href":"https:\/\/www.sukain.be\/fondamental\/wp-json\/wp\/v2\/types\/page"}],"author":[{"embeddable":true,"href":"https:\/\/www.sukain.be\/fondamental\/wp-json\/wp\/v2\/users\/3"}],"replies":[{"embeddable":true,"href":"https:\/\/www.sukain.be\/fondamental\/wp-json\/wp\/v2\/comments?post=123"}],"version-history":[{"count":15,"href":"https:\/\/www.sukain.be\/fondamental\/wp-json\/wp\/v2\/pages\/123\/revisions"}],"predecessor-version":[{"id":1425,"href":"https:\/\/www.sukain.be\/fondamental\/wp-json\/wp\/v2\/pages\/123\/revisions\/1425"}],"up":[{"embeddable":true,"href":"https:\/\/www.sukain.be\/fondamental\/wp-json\/wp\/v2\/pages\/1287"}],"wp:attachment":[{"href":"https:\/\/www.sukain.be\/fondamental\/wp-json\/wp\/v2\/media?parent=123"}],"curies":[{"name":"wp","href":"https:\/\/api.w.org\/{rel}","templated":true}]}}